{"id":303,"date":"2019-02-28T10:10:43","date_gmt":"2019-02-28T09:10:43","guid":{"rendered":"http:\/\/www.martinkocht.de\/?page_id=303"},"modified":"2019-03-03T11:37:58","modified_gmt":"2019-03-03T10:37:58","slug":"goldene-milch","status":"publish","type":"page","link":"https:\/\/martinkocht.de\/?page_id=303","title":{"rendered":"Goldene Milch"},"content":{"rendered":"<p><strong>Kurkuma Latte<\/strong><\/p>\n<p>Goldene Milch oder auch Kurkuma Latte genannt, stammt aus Indien und gilt in der ayurvedischen Heilkunde seit jeher als reinigendes Getr\u00e4nk.<\/p>\n<p><img loading=\"lazy\" decoding=\"async\" class=\"size-medium wp-image-370 aligncenter\" src=\"http:\/\/www.martinkocht.de\/wp-content\/uploads\/gm-300x300.jpg\" alt=\"\" width=\"300\" height=\"300\" srcset=\"https:\/\/martinkocht.de\/wp-content\/uploads\/gm-300x300.jpg 300w, https:\/\/martinkocht.de\/wp-content\/uploads\/gm-150x150.jpg 150w, https:\/\/martinkocht.de\/wp-content\/uploads\/gm-768x768.jpg 768w, https:\/\/martinkocht.de\/wp-content\/uploads\/gm-60x60.jpg 60w, https:\/\/martinkocht.de\/wp-content\/uploads\/gm.jpg 1024w\" sizes=\"(max-width: 300px) 100vw, 300px\" \/><\/p>\n<p>Was genau drin steckt?<br \/>\nVor allem Kurkuma! Der Gelbwurz, wie sie hier auch genannt wird, werden zahlreiche Heilwirkungen zugeschrieben.<br \/>\nKurkuma soll vor Alzheimer sch\u00fctzen, gegen chronische Entz\u00fcndungen wie etwa Arthrose helfen, Magen-Darm-Beschwerden lindern, die Leber beim Entgiften unterst\u00fctzen und sogar Krebs vorbeugen.<br \/>\nDank seiner antioxidativen Wirkung soll Kurkuma au\u00dferdem vor zellsch\u00e4digenden freien Radikalen sch\u00fctzen und verlangsamt somit auch den Alterungsprozess. Alles gute Gr\u00fcnde, das goldgelbe Trendgetr\u00e4nk einmal auszuprobieren.<\/p>\n<p><a href=\"http:\/\/www.martinkocht.de\/?p=343\">Neugierig? Hier entlang bitte!<\/a><\/p>\n<p>&nbsp;<\/p>\n","protected":false},"excerpt":{"rendered":"<p>Kurkuma Latte Goldene Milch oder auch Kurkuma Latte genannt, stammt &hellip; <\/p>\n","protected":false},"author":1,"featured_media":0,"parent":0,"menu_order":0,"comment_status":"closed","ping_status":"closed","template":"","meta":{"footnotes":""},"class_list":["post-303","page","type-page","status-publish","hentry"],"_links":{"self":[{"href":"https:\/\/martinkocht.de\/index.php?rest_route=\/wp\/v2\/pages\/303"}],"collection":[{"href":"https:\/\/martinkocht.de\/index.php?rest_route=\/wp\/v2\/pages"}],"about":[{"href":"https:\/\/martinkocht.de\/index.php?rest_route=\/wp\/v2\/types\/page"}],"author":[{"embeddable":true,"href":"https:\/\/martinkocht.de\/index.php?rest_route=\/wp\/v2\/users\/1"}],"replies":[{"embeddable":true,"href":"https:\/\/martinkocht.de\/index.php?rest_route=%2Fwp%2Fv2%2Fcomments&post=303"}],"version-history":[{"count":5,"href":"https:\/\/martinkocht.de\/index.php?rest_route=\/wp\/v2\/pages\/303\/revisions"}],"predecessor-version":[{"id":373,"href":"https:\/\/martinkocht.de\/index.php?rest_route=\/wp\/v2\/pages\/303\/revisions\/373"}],"wp:attachment":[{"href":"https:\/\/martinkocht.de\/index.php?rest_route=%2Fwp%2Fv2%2Fmedia&parent=303"}],"curies":[{"name":"wp","href":"https:\/\/api.w.org\/{rel}","templated":true}]}}