{"id":247,"date":"2019-02-21T10:52:47","date_gmt":"2019-02-21T09:52:47","guid":{"rendered":"http:\/\/www.martinkocht.de\/?page_id=247"},"modified":"2019-02-21T11:05:31","modified_gmt":"2019-02-21T10:05:31","slug":"piri-piri","status":"publish","type":"page","link":"https:\/\/martinkocht.de\/?page_id=247","title":{"rendered":"Piri-Piri"},"content":{"rendered":"<p><img loading=\"lazy\" decoding=\"async\" class=\"size-medium wp-image-246 alignleft\" src=\"http:\/\/www.martinkocht.de\/wp-content\/uploads\/Piri-158x300.jpg\" alt=\"\" width=\"158\" height=\"300\" srcset=\"https:\/\/martinkocht.de\/wp-content\/uploads\/Piri-158x300.jpg 158w, https:\/\/martinkocht.de\/wp-content\/uploads\/Piri-32x60.jpg 32w, https:\/\/martinkocht.de\/wp-content\/uploads\/Piri.jpg 196w\" sizes=\"(max-width: 158px) 100vw, 158px\" \/><br \/>\nEinmal im Jahr hat Aldi diese kleinen Gl\u00e4schen Piri-Piri im Angebot.<br \/>\nIch kaufe mir dann einen kleinen Vorrat, damit\u00a0 ich immer &#8218;meine Sch\u00e4rfe&#8216; im Haus habe. Immer wenn ich in meinen Rezepten als Zutat Piri-Piri verwende, k\u00f6nnen nat\u00fcrlich auch andere Chillischoten verwendet werden.<\/p>\n","protected":false},"excerpt":{"rendered":"<p>Einmal im Jahr hat Aldi diese kleinen Gl\u00e4schen Piri-Piri im &hellip; <\/p>\n","protected":false},"author":1,"featured_media":0,"parent":0,"menu_order":0,"comment_status":"closed","ping_status":"closed","template":"","meta":{"footnotes":""},"class_list":["post-247","page","type-page","status-publish","hentry"],"_links":{"self":[{"href":"https:\/\/martinkocht.de\/index.php?rest_route=\/wp\/v2\/pages\/247"}],"collection":[{"href":"https:\/\/martinkocht.de\/index.php?rest_route=\/wp\/v2\/pages"}],"about":[{"href":"https:\/\/martinkocht.de\/index.php?rest_route=\/wp\/v2\/types\/page"}],"author":[{"embeddable":true,"href":"https:\/\/martinkocht.de\/index.php?rest_route=\/wp\/v2\/users\/1"}],"replies":[{"embeddable":true,"href":"https:\/\/martinkocht.de\/index.php?rest_route=%2Fwp%2Fv2%2Fcomments&post=247"}],"version-history":[{"count":16,"href":"https:\/\/martinkocht.de\/index.php?rest_route=\/wp\/v2\/pages\/247\/revisions"}],"predecessor-version":[{"id":267,"href":"https:\/\/martinkocht.de\/index.php?rest_route=\/wp\/v2\/pages\/247\/revisions\/267"}],"wp:attachment":[{"href":"https:\/\/martinkocht.de\/index.php?rest_route=%2Fwp%2Fv2%2Fmedia&parent=247"}],"curies":[{"name":"wp","href":"https:\/\/api.w.org\/{rel}","templated":true}]}}