{"id":149,"date":"2019-02-19T07:46:18","date_gmt":"2019-02-19T06:46:18","guid":{"rendered":"http:\/\/www.martinkocht.de\/?page_id=149"},"modified":"2020-02-16T17:12:41","modified_gmt":"2020-02-16T16:12:41","slug":"rezepte-mit-dem-thermomix","status":"publish","type":"page","link":"https:\/\/martinkocht.de\/?page_id=149","title":{"rendered":"Thermomix"},"content":{"rendered":"\r\n<h2 class=\"wp-block-heading\">Rezepte f\u00fcr den Thermomix<\/h2>\r\n\r\n\r\n\r\n<p>B<br \/><a href=\"http:\/\/www.martinkocht.de\/?p=412\">Blumenkohlcremesuppe (2 SP)<\/a> <br \/><a href=\"http:\/\/www.martinkocht.de\/?p=357\">Bohnensuppe (4 SP)<\/a><br \/><a href=\"http:\/\/www.martinkocht.de\/?p=336\">Butterschmalz (Chee)<\/a><\/p>\r\n\r\n\r\n\r\n<p>C<br \/><a href=\"http:\/\/www.martinkocht.de\/?p=317\">Chickenwings mit Salsa und Gem\u00fcse (12 SP)<\/a><br \/><a href=\"http:\/\/www.martinkocht.de\/?p=490\">Cowboypfanne (endlich was f\u00fcr Kids)<\/a><\/p>\r\n\r\n\r\n\r\n<p>G<br \/><a href=\"http:\/\/www.martinkocht.de\/?p=417\">Gew\u00fcrzpaste f\u00fcr Gem\u00fcsebr\u00fche<\/a> <br \/><a href=\"http:\/\/www.martinkocht.de\/?p=343\">Goldene Milch<\/a><\/p>\r\n\r\n\r\n\r\n<p>H<br \/><a href=\"http:\/\/www.martinkocht.de\/?p=497\">H\u00fchnerfrikassee<\/a><br \/><a href=\"http:\/\/www.martinkocht.de\/?p=506\">H\u00fchnersuppe (nicht nur bei Erk\u00e4ltung)<\/a><\/p>\r\n\r\n\r\n\r\n<p>I<br \/><a href=\"http:\/\/www.martinkocht.de\/?p=376\">Ingwer Shot<\/a><\/p>\r\n\r\n\r\n\r\n<p>K<br \/><a href=\"http:\/\/www.martinkocht.de\/?p=454\">Kritharaki mit Tomate<\/a><\/p>\r\n\r\n\r\n\r\n<p>L<br \/><a href=\"http:\/\/www.martinkocht.de\/?p=422\">Linsenbolognese (0 SP)<\/a><\/p>\r\n\r\n\r\n\r\n<p>M<br \/><a href=\"http:\/\/www.martinkocht.de\/?p=209\">mexikanischer Feuertopf (2 SP)<\/a><\/p>\r\n\r\n\r\n\r\n<p>S<br \/><a href=\"http:\/\/www.martinkocht.de\/?p=559\">Sangrita<\/a><br \/><a href=\"http:\/\/www.martinkocht.de\/?p=515\">Spie\u00dfbraten<\/a><\/p>\r\n\r\n\r\n\r\n<p>T<br \/><a href=\"http:\/\/www.martinkocht.de\/?p=229\">Tomatencremesuppe (4 SP)<\/a> <br \/><a href=\"http:\/\/www.martinkocht.de\/?p=406\">Tomatensuppe mit Gefl\u00fcgelb\u00e4llchen (1 SP)<\/a><\/p>\r\n\r\n<p>&nbsp;<\/p>","protected":false},"excerpt":{"rendered":"<p>Rezepte f\u00fcr den Thermomix BBlumenkohlcremesuppe (2 SP) Bohnensuppe (4 SP)Butterschmalz &hellip; <\/p>\n","protected":false},"author":1,"featured_media":0,"parent":0,"menu_order":0,"comment_status":"closed","ping_status":"closed","template":"","meta":{"footnotes":""},"class_list":["post-149","page","type-page","status-publish","hentry"],"_links":{"self":[{"href":"https:\/\/martinkocht.de\/index.php?rest_route=\/wp\/v2\/pages\/149"}],"collection":[{"href":"https:\/\/martinkocht.de\/index.php?rest_route=\/wp\/v2\/pages"}],"about":[{"href":"https:\/\/martinkocht.de\/index.php?rest_route=\/wp\/v2\/types\/page"}],"author":[{"embeddable":true,"href":"https:\/\/martinkocht.de\/index.php?rest_route=\/wp\/v2\/users\/1"}],"replies":[{"embeddable":true,"href":"https:\/\/martinkocht.de\/index.php?rest_route=%2Fwp%2Fv2%2Fcomments&post=149"}],"version-history":[{"count":24,"href":"https:\/\/martinkocht.de\/index.php?rest_route=\/wp\/v2\/pages\/149\/revisions"}],"predecessor-version":[{"id":563,"href":"https:\/\/martinkocht.de\/index.php?rest_route=\/wp\/v2\/pages\/149\/revisions\/563"}],"wp:attachment":[{"href":"https:\/\/martinkocht.de\/index.php?rest_route=%2Fwp%2Fv2%2Fmedia&parent=149"}],"curies":[{"name":"wp","href":"https:\/\/api.w.org\/{rel}","templated":true}]}}