{"id":103,"date":"2019-02-18T14:09:32","date_gmt":"2019-02-18T13:09:32","guid":{"rendered":"http:\/\/www.martinkocht.de\/?page_id=103"},"modified":"2019-03-14T11:53:01","modified_gmt":"2019-03-14T10:53:01","slug":"start","status":"publish","type":"page","link":"https:\/\/martinkocht.de\/","title":{"rendered":"Was soll denn das schon wieder?"},"content":{"rendered":"\r\n<p class=\"has-drop-cap\">Was soll denn das schon wieder? Drei gro\u00dfe Worte im Untertitel, die erkl\u00e4rt werden wollen. Aber der Reihe nach:<br \/><br \/>\r\n\r\n <br \/>Mein Name ist <strong>Martin Frank <\/strong>und bin seit August 2016 begeisterter Thermomix-Nutzer.<br \/>Wie der Untertitel schon andeutet, gehe ich am liebsten beim Discounter einkaufen. Nicht, weil es dort so sch\u00f6n g\u00fcnstig ist, sondern weil es hier in der N\u00e4he nichts anderes gab.<br \/>Meinen Rezepte versuche ich grunds\u00e4tzlich so zu gestalten, dass keine Reste an Zutaten \u00fcbrig bleiben, da diese in der Regel\u00a0ein Fall f\u00fcr den Bio-Eimer sind.<br \/><br \/>Dem Thema Weight Watchers, welches\u00a0auch oben \u00a0angesprochen wird, widme ich demn\u00e4chst eine eigene Seite.<br \/>Die\u00a0SmartPoints von WW-Freestyle werden, so gut es geht, dennoch in meinen Rezepten angegeben.<br \/><br \/>Ich hoffe, ihr habt viel Spa\u00df beim Nachkochen.<\/p>\r\n\r\n\r\n\r\n<p>Euer Martin Frank<br \/><br \/>Nachtr\u00e4ge:<\/p>\r\n<p>11.03.2019<br \/>Vorgestern sa\u00df ich bei meinem &#8218;Lieblingst\u00fcrken&#8216; um die Ecke und was erreicht mich da. Ein Newsletter von Vorwerk. Der neue Thermomix TM6 ist da. Wie erkl\u00e4r ich&#8217;s meiner Frau? ICH MUSS IHN HABEN \ud83d\ude42\u00a0<\/p>\r\n\r\n<p>&nbsp;<\/p>","protected":false},"excerpt":{"rendered":"<p>Was soll denn das schon wieder? Drei gro\u00dfe Worte im &hellip; <\/p>\n","protected":false},"author":1,"featured_media":0,"parent":0,"menu_order":0,"comment_status":"closed","ping_status":"closed","template":"","meta":{"footnotes":""},"class_list":["post-103","page","type-page","status-publish","hentry"],"_links":{"self":[{"href":"https:\/\/martinkocht.de\/index.php?rest_route=\/wp\/v2\/pages\/103"}],"collection":[{"href":"https:\/\/martinkocht.de\/index.php?rest_route=\/wp\/v2\/pages"}],"about":[{"href":"https:\/\/martinkocht.de\/index.php?rest_route=\/wp\/v2\/types\/page"}],"author":[{"embeddable":true,"href":"https:\/\/martinkocht.de\/index.php?rest_route=\/wp\/v2\/users\/1"}],"replies":[{"embeddable":true,"href":"https:\/\/martinkocht.de\/index.php?rest_route=%2Fwp%2Fv2%2Fcomments&post=103"}],"version-history":[{"count":17,"href":"https:\/\/martinkocht.de\/index.php?rest_route=\/wp\/v2\/pages\/103\/revisions"}],"predecessor-version":[{"id":123,"href":"https:\/\/martinkocht.de\/index.php?rest_route=\/wp\/v2\/pages\/103\/revisions\/123"}],"wp:attachment":[{"href":"https:\/\/martinkocht.de\/index.php?rest_route=%2Fwp%2Fv2%2Fmedia&parent=103"}],"curies":[{"name":"wp","href":"https:\/\/api.w.org\/{rel}","templated":true}]}}